{"id":104,"date":"2025-09-14T22:18:07","date_gmt":"2025-09-14T20:18:07","guid":{"rendered":"https:\/\/greenovastore.pl\/?page_id=104"},"modified":"2025-09-14T22:57:27","modified_gmt":"2025-09-14T20:57:27","slug":"strona-glowna","status":"publish","type":"page","link":"https:\/\/greenovastore.pl\/","title":{"rendered":""},"content":{"rendered":"\t\t<div data-elementor-type=\"wp-page\" data-elementor-id=\"104\" class=\"elementor elementor-104\">\n\t\t\t\t<div class=\"elementor-element elementor-element-860fa0b e-flex e-con-boxed e-con e-parent\" data-id=\"860fa0b\" data-element_type=\"container\">\n\t\t\t\t\t<div class=\"e-con-inner\">\n\t\t\t\t<div class=\"elementor-element elementor-element-b61e7f3 elementor-widget elementor-widget-heading\" data-id=\"b61e7f3\" data-element_type=\"widget\" data-widget_type=\"heading.default\">\n\t\t\t\t<div class=\"elementor-widget-container\">\n\t\t\t\t\t<h2 class=\"elementor-heading-title elementor-size-default\">Greenovastore<\/h2>\t\t\t\t<\/div>\n\t\t\t\t<\/div>\n\t\t\t\t\t<\/div>\n\t\t\t\t<\/div>\n\t\t<div class=\"elementor-element elementor-element-4388b46 e-flex e-con-boxed e-con e-parent\" data-id=\"4388b46\" data-element_type=\"container\">\n\t\t\t\t\t<div class=\"e-con-inner\">\n\t\t\t\t<div class=\"elementor-element elementor-element-0c61f9b elementor-widget elementor-widget-text-editor\" data-id=\"0c61f9b\" data-element_type=\"widget\" data-widget_type=\"text-editor.default\">\n\t\t\t\t<div class=\"elementor-widget-container\">\n\t\t\t\t\t\t\t\t\t<p>Eko, dom, zdrowie &#8211; wybieraj m\u0105drze ka\u017cdego dnia.<\/p>\t\t\t\t\t\t\t\t<\/div>\n\t\t\t\t<\/div>\n\t\t\t\t\t<\/div>\n\t\t\t\t<\/div>\n\t\t<div class=\"elementor-element elementor-element-9a2f305 e-flex e-con-boxed e-con e-parent\" data-id=\"9a2f305\" data-element_type=\"container\">\n\t\t\t\t\t<div class=\"e-con-inner\">\n\t\t\t\t<div class=\"elementor-element elementor-element-29bb500 elementor-align-center elementor-widget elementor-widget-button\" data-id=\"29bb500\" data-element_type=\"widget\" data-widget_type=\"button.default\">\n\t\t\t\t<div class=\"elementor-widget-container\">\n\t\t\t\t\t\t\t\t\t<div class=\"elementor-button-wrapper\">\n\t\t\t\t\t<a class=\"elementor-button elementor-button-link elementor-size-sm\" href=\"https:\/\/greenovastore.pl\/index.php\/sklep\/\">\n\t\t\t\t\t\t<span class=\"elementor-button-content-wrapper\">\n\t\t\t\t\t\t\t\t\t<span class=\"elementor-button-text\">Sklep<\/span>\n\t\t\t\t\t<\/span>\n\t\t\t\t\t<\/a>\n\t\t\t\t<\/div>\n\t\t\t\t\t\t\t\t<\/div>\n\t\t\t\t<\/div>\n\t\t\t\t\t<\/div>\n\t\t\t\t<\/div>\n\t\t<div class=\"elementor-element elementor-element-124b74c e-grid e-con-boxed e-con e-parent\" data-id=\"124b74c\" data-element_type=\"container\">\n\t\t\t\t\t<div class=\"e-con-inner\">\n\t\t\t\t<div class=\"elementor-element elementor-element-f4ea8a0 elementor-view-default elementor-widget elementor-widget-icon\" data-id=\"f4ea8a0\" data-element_type=\"widget\" data-widget_type=\"icon.default\">\n\t\t\t\t<div class=\"elementor-widget-container\">\n\t\t\t\t\t\t\t<div class=\"elementor-icon-wrapper\">\n\t\t\t<div class=\"elementor-icon\">\n\t\t\t<svg xmlns=\"http:\/\/www.w3.org\/2000\/svg\" width=\"48\" height=\"48\" viewBox=\"0 0 24 24\" fill=\"none\" stroke=\"#4E4E4E\" stroke-width=\"2\" stroke-linecap=\"round\" stroke-linejoin=\"round\" aria-label=\"Szybka wysy&#x142;ka\"><path d=\"M3 7h12v10H3z\"><\/path><path d=\"M15 8h4l3 3v6h-7z\"><\/path><circle cx=\"7.5\" cy=\"18\" r=\"1.5\"><\/circle><circle cx=\"17.5\" cy=\"18\" r=\"1.5\"><\/circle><\/svg>\t\t\t<\/div>\n\t\t<\/div>\n\t\t\t\t\t\t<\/div>\n\t\t\t\t<\/div>\n\t\t\t\t<div class=\"elementor-element elementor-element-4e4591c elementor-widget elementor-widget-text-editor\" data-id=\"4e4591c\" data-element_type=\"widget\" data-widget_type=\"text-editor.default\">\n\t\t\t\t<div class=\"elementor-widget-container\">\n\t\t\t\t\t\t\t\t\t<p>Darmowa Dostawa<\/p>\t\t\t\t\t\t\t\t<\/div>\n\t\t\t\t<\/div>\n\t\t\t\t<div class=\"elementor-element elementor-element-2769548 elementor-widget elementor-widget-text-editor\" data-id=\"2769548\" data-element_type=\"widget\" data-widget_type=\"text-editor.default\">\n\t\t\t\t<div class=\"elementor-widget-container\">\n\t\t\t\t\t\t\t\t\t<p>Przy zam\u00f3wieniach od 150z\u0142\u00a0<\/p>\t\t\t\t\t\t\t\t<\/div>\n\t\t\t\t<\/div>\n\t\t\t\t<div class=\"elementor-element elementor-element-8123c10 elementor-view-default elementor-widget elementor-widget-icon\" data-id=\"8123c10\" data-element_type=\"widget\" data-widget_type=\"icon.default\">\n\t\t\t\t<div class=\"elementor-widget-container\">\n\t\t\t\t\t\t\t<div class=\"elementor-icon-wrapper\">\n\t\t\t<div class=\"elementor-icon\">\n\t\t\t<i aria-hidden=\"true\" class=\"fas fa-leaf\"><\/i>\t\t\t<\/div>\n\t\t<\/div>\n\t\t\t\t\t\t<\/div>\n\t\t\t\t<\/div>\n\t\t\t\t<div class=\"elementor-element elementor-element-14aac92 elementor-widget elementor-widget-heading\" data-id=\"14aac92\" data-element_type=\"widget\" data-widget_type=\"heading.default\">\n\t\t\t\t<div class=\"elementor-widget-container\">\n\t\t\t\t\t<h2 class=\"elementor-heading-title elementor-size-default\">Eko produkty<\/h2>\t\t\t\t<\/div>\n\t\t\t\t<\/div>\n\t\t\t\t<div class=\"elementor-element elementor-element-82efb69 elementor-widget elementor-widget-text-editor\" data-id=\"82efb69\" data-element_type=\"widget\" data-widget_type=\"text-editor.default\">\n\t\t\t\t<div class=\"elementor-widget-container\">\n\t\t\t\t\t\t\t\t\t<p>Wybieramy tylko sprawdzone rozwi\u0105zania.<\/p>\t\t\t\t\t\t\t\t<\/div>\n\t\t\t\t<\/div>\n\t\t\t\t\t<\/div>\n\t\t\t\t<\/div>\n\t\t<div class=\"elementor-element elementor-element-a8c26a2 e-grid e-con-boxed e-con e-parent\" data-id=\"a8c26a2\" data-element_type=\"container\">\n\t\t\t\t\t<div class=\"e-con-inner\">\n\t\t\t\t<div class=\"elementor-element elementor-element-2d22c21 elementor-view-default elementor-widget elementor-widget-icon\" data-id=\"2d22c21\" data-element_type=\"widget\" data-widget_type=\"icon.default\">\n\t\t\t\t<div class=\"elementor-widget-container\">\n\t\t\t\t\t\t\t<div class=\"elementor-icon-wrapper\">\n\t\t\t<div class=\"elementor-icon\">\n\t\t\t<i aria-hidden=\"true\" class=\"fas fa-lock\"><\/i>\t\t\t<\/div>\n\t\t<\/div>\n\t\t\t\t\t\t<\/div>\n\t\t\t\t<\/div>\n\t\t\t\t<div class=\"elementor-element elementor-element-17d48c6 elementor-widget elementor-widget-heading\" data-id=\"17d48c6\" data-element_type=\"widget\" data-widget_type=\"heading.default\">\n\t\t\t\t<div class=\"elementor-widget-container\">\n\t\t\t\t\t<h2 class=\"elementor-heading-title elementor-size-default\">Bezpieczne p\u0142atno\u015bci <\/h2>\t\t\t\t<\/div>\n\t\t\t\t<\/div>\n\t\t\t\t<div class=\"elementor-element elementor-element-63c5213 elementor-widget elementor-widget-text-editor\" data-id=\"63c5213\" data-element_type=\"widget\" data-widget_type=\"text-editor.default\">\n\t\t\t\t<div class=\"elementor-widget-container\">\n\t\t\t\t\t\t\t\t\t<p>BLIK, Przelewy 24, PayPal i inne\u00a0<\/p>\t\t\t\t\t\t\t\t<\/div>\n\t\t\t\t<\/div>\n\t\t\t\t\t<\/div>\n\t\t\t\t<\/div>\n\t\t<div class=\"elementor-element elementor-element-8b669b8 e-flex e-con-boxed e-con e-parent\" data-id=\"8b669b8\" data-element_type=\"container\">\n\t\t\t\t\t<div class=\"e-con-inner\">\n\t\t\t\t<div class=\"elementor-element elementor-element-01c3d2c elementor-widget elementor-widget-heading\" data-id=\"01c3d2c\" data-element_type=\"widget\" data-widget_type=\"heading.default\">\n\t\t\t\t<div class=\"elementor-widget-container\">\n\t\t\t\t\t<h2 class=\"elementor-heading-title elementor-size-default\">Polecane produkty <\/h2>\t\t\t\t<\/div>\n\t\t\t\t<\/div>\n\t\t\t\t<div class=\"elementor-element elementor-element-b777b0e elementor-widget elementor-widget-shortcode\" data-id=\"b777b0e\" data-element_type=\"widget\" data-widget_type=\"shortcode.default\">\n\t\t\t\t<div class=\"elementor-widget-container\">\n\t\t\t\t\t\t\t<div class=\"elementor-shortcode\"><div class=\"woocommerce columns-4 \"><ul class=\"products columns-4\">\n<li class=\"product type-product post-66 status-publish first instock product_cat-dom featured taxable shipping-taxable purchasable product-type-simple\">\n\t<a href=\"https:\/\/greenovastore.pl\/index.php\/produkt\/butelka-filtrujaca-greenova\/\" class=\"woocommerce-LoopProduct-link woocommerce-loop-product__link\"><img fetchpriority=\"high\" decoding=\"async\" width=\"300\" height=\"300\" src=\"https:\/\/greenovastore.pl\/wp-content\/uploads\/woocommerce-placeholder.webp\" class=\"woocommerce-placeholder wp-post-image\" alt=\"Symbol zast\u0119pczy\" srcset=\"https:\/\/greenovastore.pl\/wp-content\/uploads\/woocommerce-placeholder.webp 1200w, https:\/\/greenovastore.pl\/wp-content\/uploads\/woocommerce-placeholder-300x300.webp 300w, https:\/\/greenovastore.pl\/wp-content\/uploads\/woocommerce-placeholder-1024x1024.webp 1024w, https:\/\/greenovastore.pl\/wp-content\/uploads\/woocommerce-placeholder-150x150.webp 150w, https:\/\/greenovastore.pl\/wp-content\/uploads\/woocommerce-placeholder-768x768.webp 768w\" sizes=\"(max-width: 300px) 100vw, 300px\" \/><h2 class=\"woocommerce-loop-product__title\">Butelka filtruj\u0105ca Greenova<\/h2>\n\t<span class=\"price\"><span class=\"woocommerce-Price-amount amount\"><bdi>79,99&nbsp;<span class=\"woocommerce-Price-currencySymbol\">&#122;&#322;<\/span><\/bdi><\/span><\/span>\n<\/a><a href=\"\/index.php\/wp-json\/wp\/v2\/pages\/104?add-to-cart=66\" aria-describedby=\"woocommerce_loop_add_to_cart_link_describedby_66\" data-quantity=\"1\" class=\"button wp-element-button product_type_simple add_to_cart_button ajax_add_to_cart\" data-product_id=\"66\" data-product_sku=\"GF001\" aria-label=\"Dodaj do koszyka: &bdquo;Butelka filtruj\u0105ca Greenova&rdquo;\" rel=\"nofollow\" data-success_message=\"&ldquo;Butelka filtruj\u0105ca Greenova&rdquo; zosta\u0142 dodany do twojego koszyka\" role=\"button\">Dodaj do koszyka<\/a>\t<span id=\"woocommerce_loop_add_to_cart_link_describedby_66\" class=\"screen-reader-text\">\n\t\t\t<\/span>\n<\/li>\n<li class=\"product type-product post-76 status-publish instock product_cat-dom featured taxable shipping-taxable purchasable product-type-simple\">\n\t<a href=\"https:\/\/greenovastore.pl\/index.php\/produkt\/butelka-szklana-ecoglass\/\" class=\"woocommerce-LoopProduct-link woocommerce-loop-product__link\"><img fetchpriority=\"high\" decoding=\"async\" width=\"300\" height=\"300\" src=\"https:\/\/greenovastore.pl\/wp-content\/uploads\/woocommerce-placeholder.webp\" class=\"woocommerce-placeholder wp-post-image\" alt=\"Symbol zast\u0119pczy\" srcset=\"https:\/\/greenovastore.pl\/wp-content\/uploads\/woocommerce-placeholder.webp 1200w, https:\/\/greenovastore.pl\/wp-content\/uploads\/woocommerce-placeholder-300x300.webp 300w, https:\/\/greenovastore.pl\/wp-content\/uploads\/woocommerce-placeholder-1024x1024.webp 1024w, https:\/\/greenovastore.pl\/wp-content\/uploads\/woocommerce-placeholder-150x150.webp 150w, https:\/\/greenovastore.pl\/wp-content\/uploads\/woocommerce-placeholder-768x768.webp 768w\" sizes=\"(max-width: 300px) 100vw, 300px\" \/><h2 class=\"woocommerce-loop-product__title\">Butelka szklana EcoGlass<\/h2>\n\t<span class=\"price\"><span class=\"woocommerce-Price-amount amount\"><bdi>55,00&nbsp;<span class=\"woocommerce-Price-currencySymbol\">&#122;&#322;<\/span><\/bdi><\/span><\/span>\n<\/a><a href=\"\/index.php\/wp-json\/wp\/v2\/pages\/104?add-to-cart=76\" aria-describedby=\"woocommerce_loop_add_to_cart_link_describedby_76\" data-quantity=\"1\" class=\"button wp-element-button product_type_simple add_to_cart_button ajax_add_to_cart\" data-product_id=\"76\" data-product_sku=\"GF011\" aria-label=\"Dodaj do koszyka: &bdquo;Butelka szklana EcoGlass&rdquo;\" rel=\"nofollow\" data-success_message=\"&ldquo;Butelka szklana EcoGlass&rdquo; zosta\u0142 dodany do twojego koszyka\" role=\"button\">Dodaj do koszyka<\/a>\t<span id=\"woocommerce_loop_add_to_cart_link_describedby_76\" class=\"screen-reader-text\">\n\t\t\t<\/span>\n<\/li>\n<li class=\"product type-product post-74 status-publish instock product_cat-dom featured taxable shipping-taxable purchasable product-type-simple\">\n\t<a href=\"https:\/\/greenovastore.pl\/index.php\/produkt\/swieca-sojowa-relaksacyjna\/\" class=\"woocommerce-LoopProduct-link woocommerce-loop-product__link\"><img fetchpriority=\"high\" decoding=\"async\" width=\"300\" height=\"300\" src=\"https:\/\/greenovastore.pl\/wp-content\/uploads\/woocommerce-placeholder.webp\" class=\"woocommerce-placeholder wp-post-image\" alt=\"Symbol zast\u0119pczy\" srcset=\"https:\/\/greenovastore.pl\/wp-content\/uploads\/woocommerce-placeholder.webp 1200w, https:\/\/greenovastore.pl\/wp-content\/uploads\/woocommerce-placeholder-300x300.webp 300w, https:\/\/greenovastore.pl\/wp-content\/uploads\/woocommerce-placeholder-1024x1024.webp 1024w, https:\/\/greenovastore.pl\/wp-content\/uploads\/woocommerce-placeholder-150x150.webp 150w, https:\/\/greenovastore.pl\/wp-content\/uploads\/woocommerce-placeholder-768x768.webp 768w\" sizes=\"(max-width: 300px) 100vw, 300px\" \/><h2 class=\"woocommerce-loop-product__title\">\u015awieca sojowa relaksacyjna<\/h2>\n\t<span class=\"price\"><span class=\"woocommerce-Price-amount amount\"><bdi>45,00&nbsp;<span class=\"woocommerce-Price-currencySymbol\">&#122;&#322;<\/span><\/bdi><\/span><\/span>\n<\/a><a href=\"\/index.php\/wp-json\/wp\/v2\/pages\/104?add-to-cart=74\" aria-describedby=\"woocommerce_loop_add_to_cart_link_describedby_74\" data-quantity=\"1\" class=\"button wp-element-button product_type_simple add_to_cart_button ajax_add_to_cart\" data-product_id=\"74\" data-product_sku=\"GF009\" aria-label=\"Dodaj do koszyka: &bdquo;\u015awieca sojowa relaksacyjna&rdquo;\" rel=\"nofollow\" data-success_message=\"&ldquo;\u015awieca sojowa relaksacyjna&rdquo; zosta\u0142 dodany do twojego koszyka\" role=\"button\">Dodaj do koszyka<\/a>\t<span id=\"woocommerce_loop_add_to_cart_link_describedby_74\" class=\"screen-reader-text\">\n\t\t\t<\/span>\n<\/li>\n<li class=\"product type-product post-79 status-publish last instock product_cat-zdrowie featured taxable shipping-taxable purchasable product-type-simple\">\n\t<a href=\"https:\/\/greenovastore.pl\/index.php\/produkt\/szampon-w-kostce-eco-hair\/\" class=\"woocommerce-LoopProduct-link woocommerce-loop-product__link\"><img fetchpriority=\"high\" decoding=\"async\" width=\"300\" height=\"300\" src=\"https:\/\/greenovastore.pl\/wp-content\/uploads\/woocommerce-placeholder.webp\" class=\"woocommerce-placeholder wp-post-image\" alt=\"Symbol zast\u0119pczy\" srcset=\"https:\/\/greenovastore.pl\/wp-content\/uploads\/woocommerce-placeholder.webp 1200w, https:\/\/greenovastore.pl\/wp-content\/uploads\/woocommerce-placeholder-300x300.webp 300w, https:\/\/greenovastore.pl\/wp-content\/uploads\/woocommerce-placeholder-1024x1024.webp 1024w, https:\/\/greenovastore.pl\/wp-content\/uploads\/woocommerce-placeholder-150x150.webp 150w, https:\/\/greenovastore.pl\/wp-content\/uploads\/woocommerce-placeholder-768x768.webp 768w\" sizes=\"(max-width: 300px) 100vw, 300px\" \/><h2 class=\"woocommerce-loop-product__title\">Szampon w kostce Eco Hair<\/h2>\n\t<span class=\"price\"><span class=\"woocommerce-Price-amount amount\"><bdi>29,00&nbsp;<span class=\"woocommerce-Price-currencySymbol\">&#122;&#322;<\/span><\/bdi><\/span><\/span>\n<\/a><a href=\"\/index.php\/wp-json\/wp\/v2\/pages\/104?add-to-cart=79\" aria-describedby=\"woocommerce_loop_add_to_cart_link_describedby_79\" data-quantity=\"1\" class=\"button wp-element-button product_type_simple add_to_cart_button ajax_add_to_cart\" data-product_id=\"79\" data-product_sku=\"GF014\" aria-label=\"Dodaj do koszyka: &bdquo;Szampon w kostce Eco Hair&rdquo;\" rel=\"nofollow\" data-success_message=\"&ldquo;Szampon w kostce Eco Hair&rdquo; zosta\u0142 dodany do twojego koszyka\" role=\"button\">Dodaj do koszyka<\/a>\t<span id=\"woocommerce_loop_add_to_cart_link_describedby_79\" class=\"screen-reader-text\">\n\t\t\t<\/span>\n<\/li>\n<\/ul>\n<\/div><\/div>\n\t\t\t\t\t\t<\/div>\n\t\t\t\t<\/div>\n\t\t\t\t\t<\/div>\n\t\t\t\t<\/div>\n\t\t\t\t<\/div>\n\t\t","protected":false},"excerpt":{"rendered":"<p>Greenovastore Eko, dom, zdrowie &#8211; wybieraj m\u0105drze ka\u017cdego dnia. Sklep Darmowa Dostawa Przy zam\u00f3wieniach od 150z\u0142\u00a0 Eko produkty Wybieramy tylko sprawdzone rozwi\u0105zania. Bezpieczne p\u0142atno\u015bci BLIK, Przelewy 24, PayPal i inne\u00a0 Polecane produkty<\/p>\n","protected":false},"author":1,"featured_media":0,"parent":0,"menu_order":0,"comment_status":"closed","ping_status":"closed","template":"elementor_theme","meta":{"footnotes":""},"class_list":["post-104","page","type-page","status-publish","hentry"],"jetpack_sharing_enabled":true,"_links":{"self":[{"href":"https:\/\/greenovastore.pl\/index.php\/wp-json\/wp\/v2\/pages\/104","targetHints":{"allow":["GET"]}}],"collection":[{"href":"https:\/\/greenovastore.pl\/index.php\/wp-json\/wp\/v2\/pages"}],"about":[{"href":"https:\/\/greenovastore.pl\/index.php\/wp-json\/wp\/v2\/types\/page"}],"author":[{"embeddable":true,"href":"https:\/\/greenovastore.pl\/index.php\/wp-json\/wp\/v2\/users\/1"}],"replies":[{"embeddable":true,"href":"https:\/\/greenovastore.pl\/index.php\/wp-json\/wp\/v2\/comments?post=104"}],"version-history":[{"count":27,"href":"https:\/\/greenovastore.pl\/index.php\/wp-json\/wp\/v2\/pages\/104\/revisions"}],"predecessor-version":[{"id":144,"href":"https:\/\/greenovastore.pl\/index.php\/wp-json\/wp\/v2\/pages\/104\/revisions\/144"}],"wp:attachment":[{"href":"https:\/\/greenovastore.pl\/index.php\/wp-json\/wp\/v2\/media?parent=104"}],"curies":[{"name":"wp","href":"https:\/\/api.w.org\/{rel}","templated":true}]}}